{"id":12,"date":"2019-09-29T16:28:52","date_gmt":"2019-09-29T14:28:52","guid":{"rendered":"http:\/\/prodicsport.be\/?page_id=12"},"modified":"2025-05-15T23:08:57","modified_gmt":"2025-05-15T21:08:57","slug":"une-section-de-page-daccueil","status":"publish","type":"page","link":"http:\/\/prodicsport.be\/index.php\/une-section-de-page-daccueil\/","title":{"rendered":"Almanach"},"content":{"rendered":"<p class=\"font_8\"><span class=\"color_31\">L&rsquo;Almanach est un support qui a \u00e9t\u00e9 mis en place pour financer les \u00e9v\u00e9nements que nous soutenons et aboutir \u00e0 notre projet final de la cr\u00e9ation d&rsquo;une acad\u00e9mie des sports paralympiques en Brabant Wallon. Cette revue en A5 est distribu\u00e9e gratuitement dans les bo\u00eetes aux lettres de 5 communes du Brabant Wallon. L&rsquo;Almanach est imprim\u00e9 \u00e0 24.000 exemplaires et est devenu un guide pour toute personnes recherchant des informations sur les commer\u00e7ants et leurs activit\u00e9s, les administrations communales.<\/span><\/p>\n<p class=\"font_8\">\n<\/p><p class=\"font_8\"><span class=\"color_31\">En bref, ce guide local par commune sert, d&rsquo;une part, \u00e0 r\u00e9colter des fonds pour atteindre nos objectifs mais d&rsquo;autre part, \u00e0&nbsp;cr\u00e9er un lien entre les riverains, les commer\u00e7ants et les administrations communales !<\/span><\/p>\n\n\n<figure class=\"wp-block-image\"><img loading=\"lazy\" decoding=\"async\" width=\"644\" height=\"912\" src=\"http:\/\/prodicsport.be\/wp-content\/uploads\/2025\/05\/accueil.png\" alt=\"\" class=\"wp-image-1786\" srcset=\"http:\/\/prodicsport.be\/wp-content\/uploads\/2025\/05\/accueil.png 644w, http:\/\/prodicsport.be\/wp-content\/uploads\/2025\/05\/accueil-212x300.png 212w\" sizes=\"auto, (max-width: 644px) 100vw, 644px\" \/><\/figure>\n<p class=\"date-modification\">Article mis \u00e0 jour le 15 mai 2025<\/p>","protected":false},"excerpt":{"rendered":"<p>L&rsquo;Almanach est un support qui a \u00e9t\u00e9 mis en place pour financer les \u00e9v\u00e9nements que nous soutenons et aboutir \u00e0 notre projet final de la cr\u00e9ation d&rsquo;une acad\u00e9mie des sports paralympiques en Brabant Wallon. Cette revue en A5 est distribu\u00e9e gratuitement dans les bo\u00eetes aux lettres de 5 communes du Brabant Wallon. L&rsquo;Almanach est imprim\u00e9 &hellip; <\/p>\n<p class=\"link-more\"><a href=\"http:\/\/prodicsport.be\/index.php\/une-section-de-page-daccueil\/\" class=\"more-link\">Continuer la lecture<span class=\"screen-reader-text\"> de &laquo;&nbsp;Almanach&nbsp;&raquo;<\/span><\/a><\/p>\n","protected":false},"author":1,"featured_media":1786,"parent":0,"menu_order":0,"comment_status":"closed","ping_status":"closed","template":"","meta":{"footnotes":""},"categories":[],"tags":[],"class_list":["post-12","page","type-page","status-publish","has-post-thumbnail","hentry"],"_links":{"self":[{"href":"http:\/\/prodicsport.be\/index.php\/wp-json\/wp\/v2\/pages\/12","targetHints":{"allow":["GET"]}}],"collection":[{"href":"http:\/\/prodicsport.be\/index.php\/wp-json\/wp\/v2\/pages"}],"about":[{"href":"http:\/\/prodicsport.be\/index.php\/wp-json\/wp\/v2\/types\/page"}],"author":[{"embeddable":true,"href":"http:\/\/prodicsport.be\/index.php\/wp-json\/wp\/v2\/users\/1"}],"replies":[{"embeddable":true,"href":"http:\/\/prodicsport.be\/index.php\/wp-json\/wp\/v2\/comments?post=12"}],"version-history":[{"count":23,"href":"http:\/\/prodicsport.be\/index.php\/wp-json\/wp\/v2\/pages\/12\/revisions"}],"predecessor-version":[{"id":2064,"href":"http:\/\/prodicsport.be\/index.php\/wp-json\/wp\/v2\/pages\/12\/revisions\/2064"}],"wp:featuredmedia":[{"embeddable":true,"href":"http:\/\/prodicsport.be\/index.php\/wp-json\/wp\/v2\/media\/1786"}],"wp:attachment":[{"href":"http:\/\/prodicsport.be\/index.php\/wp-json\/wp\/v2\/media?parent=12"}],"wp:term":[{"taxonomy":"category","embeddable":true,"href":"http:\/\/prodicsport.be\/index.php\/wp-json\/wp\/v2\/categories?post=12"},{"taxonomy":"post_tag","embeddable":true,"href":"http:\/\/prodicsport.be\/index.php\/wp-json\/wp\/v2\/tags?post=12"}],"curies":[{"name":"wp","href":"https:\/\/api.w.org\/{rel}","templated":true}]}}